{"id":676,"date":"2022-04-16T19:23:47","date_gmt":"2022-04-16T22:23:47","guid":{"rendered":"https:\/\/tottalcommerce.com.br\/?page_id=676"},"modified":"2025-04-17T05:20:31","modified_gmt":"2025-04-17T08:20:31","slug":"pesquisa-de-satisfacao","status":"publish","type":"page","link":"https:\/\/tottalcommerce.com.br\/index.php\/pesquisa-de-satisfacao\/","title":{"rendered":"Pesquisa de Satisfa\u00e7\u00e3o"},"content":{"rendered":"\t\t<div data-elementor-type=\"wp-post\" data-elementor-id=\"676\" class=\"elementor elementor-676\" data-elementor-post-type=\"page\">\n\t\t\t\t<div class=\"elementor-element elementor-element-10a5474 e-flex e-con-boxed e-con e-parent\" data-id=\"10a5474\" data-element_type=\"container\" data-settings=\"{&quot;background_background&quot;:&quot;classic&quot;}\">\n\t\t\t\t\t<div class=\"e-con-inner\">\n\t\t<div class=\"elementor-element elementor-element-fd9e45f e-con-full e-flex e-con e-child\" data-id=\"fd9e45f\" data-element_type=\"container\">\n\t\t\t\t<div class=\"elementor-element elementor-element-f652f03 elementor-widget elementor-widget-heading\" data-id=\"f652f03\" data-element_type=\"widget\" data-widget_type=\"heading.default\">\n\t\t\t\t\t<span class=\"elementor-heading-title elementor-size-default\">Net Promoter Score (NPS)\n<\/span>\t\t\t\t<\/div>\n\t\t\t\t<div class=\"elementor-element elementor-element-0f1ee5b elementor-widget elementor-widget-text-editor\" data-id=\"0f1ee5b\" data-element_type=\"widget\" data-widget_type=\"text-editor.default\">\n\t\t\t\t\t\t\t\t\t<p>Entenda Seus Clientes e Aprimore Seus Resultados<\/p>\t\t\t\t\t\t\t\t<\/div>\n\t\t\t\t<\/div>\n\t\t\t\t\t<\/div>\n\t\t\t\t<\/div>\n\t\t<div class=\"elementor-element elementor-element-e51100d e-flex e-con-boxed e-con e-parent\" data-id=\"e51100d\" data-element_type=\"container\">\n\t\t\t\t\t<div class=\"e-con-inner\">\n\t\t<div class=\"elementor-element elementor-element-b124001 e-con-full e-flex e-con e-child\" data-id=\"b124001\" data-element_type=\"container\" data-settings=\"{&quot;background_background&quot;:&quot;classic&quot;}\">\n\t\t\t\t<\/div>\n\t\t<div class=\"elementor-element elementor-element-dda8a07 e-con-full e-flex e-con e-child\" data-id=\"dda8a07\" data-element_type=\"container\">\n\t\t\t\t<div class=\"elementor-element elementor-element-f25e594 elementor-widget elementor-widget-text-editor\" data-id=\"f25e594\" data-element_type=\"widget\" data-widget_type=\"text-editor.default\">\n\t\t\t\t\t\t\t\t\t<p>Somos especializados em pesquisas e metodologias de alta performance e n\u00edvel t\u00e9cnico resultando em informa\u00e7\u00f5es e indicadores |KPIs espec\u00edficos gerando uma condi\u00e7\u00e3o de diagn\u00f3stico e de vis\u00e3o estrat\u00e9gica extremamente qualitativa para a gest\u00e3o de expans\u00e3o da sua empresa.<\/p>\t\t\t\t\t\t\t\t<\/div>\n\t\t\t\t<\/div>\n\t\t\t\t\t<\/div>\n\t\t\t\t<\/div>\n\t\t<div class=\"elementor-element elementor-element-58e9777 e-flex e-con-boxed e-con e-parent\" data-id=\"58e9777\" data-element_type=\"container\" data-settings=\"{&quot;background_background&quot;:&quot;classic&quot;}\">\n\t\t\t\t\t<div class=\"e-con-inner\">\n\t\t<div class=\"elementor-element elementor-element-407bbec e-con-full e-flex e-con e-child\" data-id=\"407bbec\" data-element_type=\"container\">\n\t\t\t\t<div class=\"elementor-element elementor-element-773862d elementor-widget elementor-widget-text-editor\" data-id=\"773862d\" data-element_type=\"widget\" data-widget_type=\"text-editor.default\">\n\t\t\t\t\t\t\t\t\t<p>O target de mercado\/clientes \u00e9 um dos maiores patrim\u00f4nios de valor de uma empresa.<br \/>Neste contexto, nos especializamos em pesquisas de satisfa\u00e7\u00e3o, fideliza\u00e7\u00e3o e reten\u00e7\u00e3o de clientes, atrav\u00e9s do NPS &#8211; Net promoter Score Experience.\u00a0<\/p><p>Tamb\u00e9m temos uma metodologia espec\u00edfica de pesquisas \u201cEXPERIENCE\u201d e de cliente oculto.<\/p><p>Colocamos estes servi\u00e7os \u00e0 disposi\u00e7\u00e3o da sua empresa, podendo ainda fazer a gest\u00e3o de todo o processo, envolvendo a elabora\u00e7\u00e3o e valida\u00e7\u00e3o dos question\u00e1rios, envio e recebimento dos retornos\/question\u00e1rios, an\u00e1lise de respostas, elabora\u00e7\u00e3o de relat\u00f3rios com indicadores no conceito KPIs para parametriza\u00e7\u00e3o e auditoria para valida\u00e7\u00e3o da real efic\u00e1cia de a\u00e7\u00f5es de reten\u00e7\u00e3o e fideliza\u00e7\u00e3o de clientes, bem como o dimensionamento e resultados CS CUSTOMMER SUCCESS.<\/p>\t\t\t\t\t\t\t\t<\/div>\n\t\t\t\t<div class=\"elementor-element elementor-element-8018a16 elementor-invisible elementor-widget elementor-widget-image\" data-id=\"8018a16\" data-element_type=\"widget\" data-settings=\"{&quot;_animation&quot;:&quot;fadeInLeft&quot;}\" data-widget_type=\"image.default\">\n\t\t\t\t\t\t\t\t\t\t\t\t\t\t\t<img fetchpriority=\"high\" decoding=\"async\" width=\"800\" height=\"534\" src=\"https:\/\/tottalcommerce.com.br\/wp-content\/uploads\/2019\/07\/title_about-1024x683.jpg\" class=\"attachment-large size-large wp-image-158\" alt=\"\" srcset=\"https:\/\/tottalcommerce.com.br\/wp-content\/uploads\/2019\/07\/title_about-1024x683.jpg 1024w, https:\/\/tottalcommerce.com.br\/wp-content\/uploads\/2019\/07\/title_about-300x200.jpg 300w, https:\/\/tottalcommerce.com.br\/wp-content\/uploads\/2019\/07\/title_about-768x512.jpg 768w, https:\/\/tottalcommerce.com.br\/wp-content\/uploads\/2019\/07\/title_about-1536x1024.jpg 1536w, https:\/\/tottalcommerce.com.br\/wp-content\/uploads\/2019\/07\/title_about.jpg 1920w\" sizes=\"(max-width: 800px) 100vw, 800px\" \/>\t\t\t\t\t\t\t\t\t\t\t\t\t\t\t<\/div>\n\t\t\t\t<\/div>\n\t\t<div class=\"elementor-element elementor-element-2da76db e-con-full e-flex e-con e-child\" data-id=\"2da76db\" data-element_type=\"container\">\n\t\t\t\t<div class=\"elementor-element elementor-element-29c3470 elementor-widget elementor-widget-text-editor\" data-id=\"29c3470\" data-element_type=\"widget\" data-widget_type=\"text-editor.default\">\n\t\t\t\t\t\t\t\t\t<p>PRINCIPAIS RAZ\u00d5ES PARA TER NA SUA EMPRESA O NPS | EXP:<\/p><p><strong>Eficaz para qualquer tipo\/porte de empresa<\/strong>&#8211; o NPS|EXP pode facilmente ser utilizado por qualquer empresa, de qualquer tamanho ou setor, podendo medir desde a satisfa\u00e7\u00e3o global, como a de cada ponto de contato com o consumidor.<\/p><p><strong>Pr\u00e1tico para o cliente<\/strong>&#8211; de forma simples, trata-se de uma a tr\u00eas perguntas a serem respondidas. Uma avalia\u00e7\u00e3o simples, levando apenas alguns minutos para o cliente.<\/p><p><strong>Velocidade para agir <\/strong>&#8211; o NPS|EXP tem como objetivo melhorar continuamente o desempenho da empresa com base em cada feedback coletado. A empresa pode praticamente de imediato entrar em contato com o cliente e reverter qualquer insatisfa\u00e7\u00e3o ou risco junto ao cliente.<\/p><p><strong>Menor risco de manipula\u00e7\u00e3o \u2013 <\/strong>Toda pesquisa pode ser manipul\u00e1vel. Mas o NPS|EXP Experience Tottal diminui esta margem, por ser no m\u00e1ximo 03 perguntas objetivas o consumidor\/cliente n\u00e3o pode ser influenciado subliminarmente.<\/p><p><strong><br \/>Extremamente adapt\u00e1vel \u2013 <\/strong>Na metodologia NPS|EXP Experience Tottal as perguntas podem ser adaptadas para as mais diferentes situa\u00e7\u00f5es e mercados.<\/p>\t\t\t\t\t\t\t\t<\/div>\n\t\t\t\t<\/div>\n\t\t\t\t\t<\/div>\n\t\t\t\t<\/div>\n\t\t\t\t<section class=\"elementor-section elementor-top-section elementor-element elementor-element-ae48539 elementor-section-boxed elementor-section-height-default elementor-section-height-default\" data-id=\"ae48539\" data-element_type=\"section\">\n\t\t\t\t\t\t<div class=\"elementor-container elementor-column-gap-default\">\n\t\t\t\t\t<div class=\"elementor-column elementor-col-100 elementor-top-column elementor-element elementor-element-a044553\" data-id=\"a044553\" data-element_type=\"column\">\n\t\t\t<div class=\"elementor-widget-wrap elementor-element-populated\">\n\t\t\t\t\t\t<div class=\"elementor-element elementor-element-2f76ddc elementor-widget elementor-widget-heading\" data-id=\"2f76ddc\" data-element_type=\"widget\" data-widget_type=\"heading.default\">\n\t\t\t\t\t<h2 class=\"elementor-heading-title elementor-size-default\">Como funciona o Net Promoter\u00ae\u00a0Score \u2013 NPS?\n<\/h2>\t\t\t\t<\/div>\n\t\t\t\t\t<\/div>\n\t\t<\/div>\n\t\t\t\t\t<\/div>\n\t\t<\/section>\n\t\t\t\t<section class=\"elementor-section elementor-top-section elementor-element elementor-element-926c619 elementor-section-boxed elementor-section-height-default elementor-section-height-default\" data-id=\"926c619\" data-element_type=\"section\">\n\t\t\t\t\t\t<div class=\"elementor-container elementor-column-gap-default\">\n\t\t\t\t\t<div class=\"elementor-column elementor-col-100 elementor-top-column elementor-element elementor-element-ebc69a2\" data-id=\"ebc69a2\" data-element_type=\"column\">\n\t\t\t<div class=\"elementor-widget-wrap elementor-element-populated\">\n\t\t\t\t\t\t<div class=\"elementor-element elementor-element-8057d9a elementor-widget elementor-widget-text-editor\" data-id=\"8057d9a\" data-element_type=\"widget\" data-widget_type=\"text-editor.default\">\n\t\t\t\t\t\t\t\t\t<p>Ao longo dos \u00faltimos anos, o\u00a0<b>Net Promoter\u00ae Score \u2013 NPS\u00a0<\/b>se tornou uma das metodologias de pesquisa de satisfa\u00e7\u00e3o do cliente mais populares no mundo todo. Suas grandes vantagens s\u00e3o a simplicidade, facilidade de benchmarks e potencial de levantamento de insights valios\u00edssimos.<br \/>Em uma escala de 0 a 10, onde 0 voc\u00ea jamais indicaria e 10 voc\u00ea certamente indicaria,<br \/><b>Qual a chance de voc\u00ea nos indicar?<br \/><\/b><\/p>\t\t\t\t\t\t\t\t<\/div>\n\t\t\t\t<div class=\"elementor-element elementor-element-fa57437 elementor-widget elementor-widget-image\" data-id=\"fa57437\" data-element_type=\"widget\" data-widget_type=\"image.default\">\n\t\t\t\t\t\t\t\t\t\t\t\t\t\t\t<img decoding=\"async\" width=\"876\" height=\"190\" src=\"https:\/\/tottalcommerce.com.br\/wp-content\/uploads\/2022\/04\/back-6.jpg\" class=\"attachment-full size-full wp-image-718\" alt=\"\" srcset=\"https:\/\/tottalcommerce.com.br\/wp-content\/uploads\/2022\/04\/back-6.jpg 876w, https:\/\/tottalcommerce.com.br\/wp-content\/uploads\/2022\/04\/back-6-300x65.jpg 300w, https:\/\/tottalcommerce.com.br\/wp-content\/uploads\/2022\/04\/back-6-768x167.jpg 768w\" sizes=\"(max-width: 876px) 100vw, 876px\" \/>\t\t\t\t\t\t\t\t\t\t\t\t\t\t\t<\/div>\n\t\t\t\t<div class=\"elementor-element elementor-element-197ef7a elementor-widget elementor-widget-image\" data-id=\"197ef7a\" data-element_type=\"widget\" data-widget_type=\"image.default\">\n\t\t\t\t\t\t\t\t\t\t\t\t\t\t\t<img decoding=\"async\" width=\"1024\" height=\"126\" src=\"https:\/\/tottalcommerce.com.br\/wp-content\/uploads\/2022\/04\/back7.jpg\" class=\"attachment-full size-full wp-image-722\" alt=\"\" srcset=\"https:\/\/tottalcommerce.com.br\/wp-content\/uploads\/2022\/04\/back7.jpg 1024w, https:\/\/tottalcommerce.com.br\/wp-content\/uploads\/2022\/04\/back7-300x37.jpg 300w, https:\/\/tottalcommerce.com.br\/wp-content\/uploads\/2022\/04\/back7-768x95.jpg 768w\" sizes=\"(max-width: 1024px) 100vw, 1024px\" \/>\t\t\t\t\t\t\t\t\t\t\t\t\t\t\t<\/div>\n\t\t\t\t\t<\/div>\n\t\t<\/div>\n\t\t\t\t\t<\/div>\n\t\t<\/section>\n\t\t\t\t<section class=\"elementor-section elementor-top-section elementor-element elementor-element-fcfd690 elementor-hidden-desktop elementor-hidden-tablet elementor-hidden-mobile elementor-section-boxed elementor-section-height-default elementor-section-height-default\" data-id=\"fcfd690\" data-element_type=\"section\">\n\t\t\t\t\t\t<div class=\"elementor-container elementor-column-gap-default\">\n\t\t\t\t\t<div class=\"elementor-column elementor-col-50 elementor-top-column elementor-element elementor-element-244f6df\" data-id=\"244f6df\" data-element_type=\"column\">\n\t\t\t<div class=\"elementor-widget-wrap elementor-element-populated\">\n\t\t\t\t\t\t<div class=\"elementor-element elementor-element-96503e1 elementor-widget elementor-widget-heading\" data-id=\"96503e1\" data-element_type=\"widget\" data-widget_type=\"heading.default\">\n\t\t\t\t\t<h2 class=\"elementor-heading-title elementor-size-default\">Pesquisa de <br>Cliente Oculto\n<\/h2>\t\t\t\t<\/div>\n\t\t\t\t<div class=\"elementor-element elementor-element-ba4838f elementor-widget elementor-widget-text-editor\" data-id=\"ba4838f\" data-element_type=\"widget\" data-widget_type=\"text-editor.default\">\n\t\t\t\t\t\t\t\t\t<p>Cliente Oculto (Cliente Misterioso ou Mystery Shopping)\u00a0\u00e9 uma metodologia que abrange a avalia\u00e7\u00e3o de todos os pontos de contato entre uma marca e seus clientes. O processo ocorre todo de forma an\u00f4nima, ou seja, apesar dos gestores e colaboradores estarem cientes da exist\u00eancia de clientes ocultos checando o cumprimento dos padr\u00f5es determinados pela empresa, ningu\u00e9m sabe quem \u00e9 o cliente oculto, a data ou o\u00a0hor\u00e1rio da sua visita.<\/p>\t\t\t\t\t\t\t\t<\/div>\n\t\t\t\t<div class=\"elementor-element elementor-element-3239ff4 elementor-widget elementor-widget-image\" data-id=\"3239ff4\" data-element_type=\"widget\" data-widget_type=\"image.default\">\n\t\t\t\t\t\t\t\t\t\t\t\t\t\t\t<img loading=\"lazy\" decoding=\"async\" width=\"800\" height=\"370\" src=\"https:\/\/tottalcommerce.com.br\/wp-content\/uploads\/2022\/04\/back8-1024x473.jpg\" class=\"attachment-large size-large wp-image-742\" alt=\"\" srcset=\"https:\/\/tottalcommerce.com.br\/wp-content\/uploads\/2022\/04\/back8-1024x473.jpg 1024w, https:\/\/tottalcommerce.com.br\/wp-content\/uploads\/2022\/04\/back8-300x139.jpg 300w, https:\/\/tottalcommerce.com.br\/wp-content\/uploads\/2022\/04\/back8-768x355.jpg 768w, https:\/\/tottalcommerce.com.br\/wp-content\/uploads\/2022\/04\/back8-1536x710.jpg 1536w, https:\/\/tottalcommerce.com.br\/wp-content\/uploads\/2022\/04\/back8.jpg 1920w\" sizes=\"(max-width: 800px) 100vw, 800px\" \/>\t\t\t\t\t\t\t\t\t\t\t\t\t\t\t<\/div>\n\t\t\t\t\t<\/div>\n\t\t<\/div>\n\t\t\t\t<div class=\"elementor-column elementor-col-50 elementor-top-column elementor-element elementor-element-1eeafc7\" data-id=\"1eeafc7\" data-element_type=\"column\">\n\t\t\t<div class=\"elementor-widget-wrap elementor-element-populated\">\n\t\t\t\t\t\t<div class=\"elementor-element elementor-element-7eacd5c elementor-widget elementor-widget-heading\" data-id=\"7eacd5c\" data-element_type=\"widget\" data-widget_type=\"heading.default\">\n\t\t\t\t\t<h2 class=\"elementor-heading-title elementor-size-default\">Quais as vantagens de se usar o CLIENTE OCULTO?\n<\/h2>\t\t\t\t<\/div>\n\t\t\t\t<div class=\"elementor-element elementor-element-475aca2 elementor-widget elementor-widget-text-editor\" data-id=\"475aca2\" data-element_type=\"widget\" data-widget_type=\"text-editor.default\">\n\t\t\t\t\t\t\t\t\t<p><b>Atender Melhor <\/b>&#8211; Avalie se os atendentes t\u00eam uma boa comunica\u00e7\u00e3o, s\u00e3o atenciosos, cordiais e proativos com os clientes.<\/p><p><b>Aumentar as Vendas <\/b>&#8211; Melhorando o discurso de vendas e atendimento dos vendedores, seu neg\u00f3cio vende mais.<\/p><p><b>Padronizar a Rede<\/b> &#8211; Verifique se todas as suas lojas seguem o padr\u00e3o de atendimento da sua marca ou empresa.<\/p><p><b>Desenvolver Times <\/b>&#8211; Oriente, treine e premie seus colaboradores de acordo com a avalia\u00e7\u00e3o do cliente oculto.<\/p><p><b>Elevar o Ticket M\u00e9dio<\/b> &#8211; Os clientes compram mais e retornam \u00e0 sua loja quando t\u00eam uma experi\u00eancia diferenciada.<\/p><p><b>Evitar Fraudes &#8211; <\/b>Avalie a conduta dos colaboradores e saiba se eles seguem as normas legais e diretrizes de compliance.<\/p><p><b>Comunicar Melhor &#8211; <\/b>Alinhe a comunica\u00e7\u00e3o de marketing e branding da empresa com a percep\u00e7\u00e3o do cliente.<\/p><p><b>Promover a Inclus\u00e3o &#8211; <\/b>Avalie se todos os clientes s\u00e3o bem atendidos, independente das suas caracter\u00edsticas e necessidades.<\/p><p><b>Analisar o PDV &#8211; <\/b>Descubra se as suas lojas est\u00e3o limpas, organizadas, com produtos expostos corretamente.<\/p><p><b>Inovar o Neg\u00f3cio &#8211; <\/b>Desenvolva produtos e servi\u00e7os a partir de um feedback detalhado de quem mais importa (o cliente!)<\/p>\t\t\t\t\t\t\t\t<\/div>\n\t\t\t\t\t<\/div>\n\t\t<\/div>\n\t\t\t\t\t<\/div>\n\t\t<\/section>\n\t\t\t\t<section class=\"elementor-section elementor-top-section elementor-element elementor-element-32fe49a elementor-hidden-desktop elementor-hidden-tablet elementor-hidden-mobile elementor-section-boxed elementor-section-height-default elementor-section-height-default\" data-id=\"32fe49a\" data-element_type=\"section\">\n\t\t\t\t\t\t<div class=\"elementor-container elementor-column-gap-default\">\n\t\t\t\t\t<div class=\"elementor-column elementor-col-100 elementor-top-column elementor-element elementor-element-fbd7925\" data-id=\"fbd7925\" data-element_type=\"column\">\n\t\t\t<div class=\"elementor-widget-wrap elementor-element-populated\">\n\t\t\t\t\t\t<div class=\"elementor-element elementor-element-287c947 elementor-widget elementor-widget-heading\" data-id=\"287c947\" data-element_type=\"widget\" data-widget_type=\"heading.default\">\n\t\t\t\t\t<h2 class=\"elementor-heading-title elementor-size-default\">Como funciona o cliente oculto?\n<\/h2>\t\t\t\t<\/div>\n\t\t\t\t<div class=\"elementor-element elementor-element-2fecc83 elementor-widget elementor-widget-text-editor\" data-id=\"2fecc83\" data-element_type=\"widget\" data-widget_type=\"text-editor.default\">\n\t\t\t\t\t\t\t\t\t<p>De maneira geral, o cliente oculto avalia aspectos f\u00edsicos, operacionais e comportamentais envolvendo o neg\u00f3cio e seus representantes. Pontos como limpeza do ambiente f\u00edsico, ilumina\u00e7\u00e3o, organiza\u00e7\u00e3o, tamanho de filas nos caixas, cortesia e disponibilidade dos funcion\u00e1rios ser\u00e3o sempre considerados.<\/p><p>Vale lembrar que a companhia contratada para fazer a pesquisa sempre alinhar\u00e1 o perfil do cliente oculto ao da empresa testada, de forma que a experi\u00eancia seja fiel a dos outros clientes habituais e realmente encontre os pontos positivos e negativos espec\u00edficos da experi\u00eancia do p\u00fablico-alvo da marca.<\/p>\t\t\t\t\t\t\t\t<\/div>\n\t\t\t\t\t<\/div>\n\t\t<\/div>\n\t\t\t\t\t<\/div>\n\t\t<\/section>\n\t\t\t\t<section class=\"elementor-section elementor-top-section elementor-element elementor-element-15e5d9f elementor-section-boxed elementor-section-height-default elementor-section-height-default\" data-id=\"15e5d9f\" data-element_type=\"section\" data-settings=\"{&quot;background_background&quot;:&quot;classic&quot;}\">\n\t\t\t\t\t\t\t<div class=\"elementor-background-overlay\"><\/div>\n\t\t\t\t\t\t\t<div class=\"elementor-container elementor-column-gap-default\">\n\t\t\t\t\t<div class=\"elementor-column elementor-col-100 elementor-top-column elementor-element elementor-element-f4fc368\" data-id=\"f4fc368\" data-element_type=\"column\">\n\t\t\t<div class=\"elementor-widget-wrap elementor-element-populated\">\n\t\t\t\t\t\t<div class=\"elementor-element elementor-element-68462c4 elementor-widget elementor-widget-heading\" data-id=\"68462c4\" data-element_type=\"widget\" data-widget_type=\"heading.default\">\n\t\t\t\t\t<h2 class=\"elementor-heading-title elementor-size-default\">Pronto para Alcan\u00e7ar o N\u00edvel de Excel\u00eancia?<\/h2>\t\t\t\t<\/div>\n\t\t\t\t<div class=\"elementor-element elementor-element-b802603 elementor-align-center elementor-widget elementor-widget-button\" data-id=\"b802603\" data-element_type=\"widget\" data-widget_type=\"button.default\">\n\t\t\t\t\t\t\t\t\t\t<a class=\"elementor-button elementor-button-link elementor-size-sm\" href=\"https:\/\/tottalcommerce.com.br\/index.php\/fale-conosco\/\">\n\t\t\t\t\t\t<span class=\"elementor-button-content-wrapper\">\n\t\t\t\t\t\t<span class=\"elementor-button-icon\">\n\t\t\t\t<svg aria-hidden=\"true\" class=\"e-font-icon-svg e-far-arrow-alt-circle-right\" viewBox=\"0 0 512 512\" xmlns=\"http:\/\/www.w3.org\/2000\/svg\"><path d=\"M504 256C504 119 393 8 256 8S8 119 8 256s111 248 248 248 248-111 248-248zm-448 0c0-110.5 89.5-200 200-200s200 89.5 200 200-89.5 200-200 200S56 366.5 56 256zm72 20v-40c0-6.6 5.4-12 12-12h116v-67c0-10.7 12.9-16 20.5-8.5l99 99c4.7 4.7 4.7 12.3 0 17l-99 99c-7.6 7.6-20.5 2.2-20.5-8.5v-67H140c-6.6 0-12-5.4-12-12z\"><\/path><\/svg>\t\t\t<\/span>\n\t\t\t\t\t\t\t\t\t<span class=\"elementor-button-text\">Solicitar Or\u00e7amento<\/span>\n\t\t\t\t\t<\/span>\n\t\t\t\t\t<\/a>\n\t\t\t\t\t\t\t\t<\/div>\n\t\t\t\t\t<\/div>\n\t\t<\/div>\n\t\t\t\t\t<\/div>\n\t\t<\/section>\n\t\t\t\t<\/div>\n\t\t","protected":false},"excerpt":{"rendered":"<p>Net Promoter Score (NPS) Entenda Seus Clientes e Aprimore Seus Resultados Somos especializados em pesquisas e metodologias de alta performance e n\u00edvel t\u00e9cnico resultando em informa\u00e7\u00f5es e indicadores |KPIs espec\u00edficos gerando uma condi\u00e7\u00e3o de diagn\u00f3stico e de vis\u00e3o estrat\u00e9gica extremamente qualitativa para a gest\u00e3o de expans\u00e3o da sua empresa. O target de mercado\/clientes \u00e9 um [&hellip;]<\/p>\n","protected":false},"author":1,"featured_media":0,"parent":0,"menu_order":0,"comment_status":"closed","ping_status":"closed","template":"elementor_header_footer","meta":{"footnotes":""},"class_list":["post-676","page","type-page","status-publish","hentry"],"acf":[],"_links":{"self":[{"href":"https:\/\/tottalcommerce.com.br\/index.php\/wp-json\/wp\/v2\/pages\/676","targetHints":{"allow":["GET"]}}],"collection":[{"href":"https:\/\/tottalcommerce.com.br\/index.php\/wp-json\/wp\/v2\/pages"}],"about":[{"href":"https:\/\/tottalcommerce.com.br\/index.php\/wp-json\/wp\/v2\/types\/page"}],"author":[{"embeddable":true,"href":"https:\/\/tottalcommerce.com.br\/index.php\/wp-json\/wp\/v2\/users\/1"}],"replies":[{"embeddable":true,"href":"https:\/\/tottalcommerce.com.br\/index.php\/wp-json\/wp\/v2\/comments?post=676"}],"version-history":[{"count":181,"href":"https:\/\/tottalcommerce.com.br\/index.php\/wp-json\/wp\/v2\/pages\/676\/revisions"}],"predecessor-version":[{"id":1328,"href":"https:\/\/tottalcommerce.com.br\/index.php\/wp-json\/wp\/v2\/pages\/676\/revisions\/1328"}],"wp:attachment":[{"href":"https:\/\/tottalcommerce.com.br\/index.php\/wp-json\/wp\/v2\/media?parent=676"}],"curies":[{"name":"wp","href":"https:\/\/api.w.org\/{rel}","templated":true}]}}