{"id":605,"date":"2022-04-16T18:48:01","date_gmt":"2022-04-16T21:48:01","guid":{"rendered":"https:\/\/tottalcommerce.com.br\/?page_id=605"},"modified":"2025-04-02T19:00:15","modified_gmt":"2025-04-02T22:00:15","slug":"outsourcing-rh","status":"publish","type":"page","link":"https:\/\/tottalcommerce.com.br\/index.php\/outsourcing-rh\/","title":{"rendered":"Outsourcing &#038; RH"},"content":{"rendered":"\t\t<div data-elementor-type=\"wp-post\" data-elementor-id=\"605\" class=\"elementor elementor-605\" data-elementor-post-type=\"page\">\n\t\t\t\t<div class=\"elementor-element elementor-element-dbb6faa e-flex e-con-boxed e-con e-parent\" data-id=\"dbb6faa\" data-element_type=\"container\" data-settings=\"{&quot;background_background&quot;:&quot;classic&quot;}\">\n\t\t\t\t\t<div class=\"e-con-inner\">\n\t\t<div class=\"elementor-element elementor-element-ae8961a e-con-full e-flex e-con e-child\" data-id=\"ae8961a\" data-element_type=\"container\">\n\t\t\t\t<div class=\"elementor-element elementor-element-45048e6 elementor-widget elementor-widget-heading\" data-id=\"45048e6\" data-element_type=\"widget\" data-widget_type=\"heading.default\">\n\t\t\t\t\t<span class=\"elementor-heading-title elementor-size-default\">Gest\u00e3o de Pessoas e Processos<\/span>\t\t\t\t<\/div>\n\t\t\t\t<div class=\"elementor-element elementor-element-ae29e98 elementor-widget elementor-widget-text-editor\" data-id=\"ae29e98\" data-element_type=\"widget\" data-widget_type=\"text-editor.default\">\n\t\t\t\t\t\t\t\t\t<p>Solu\u00e7\u00f5es Estrat\u00e9gicas em RH e Outsourcing<\/p>\t\t\t\t\t\t\t\t<\/div>\n\t\t\t\t<\/div>\n\t\t\t\t\t<\/div>\n\t\t\t\t<\/div>\n\t\t<div class=\"elementor-element elementor-element-6621add e-flex e-con-boxed e-con e-parent\" data-id=\"6621add\" data-element_type=\"container\">\n\t\t\t\t\t<div class=\"e-con-inner\">\n\t\t<div class=\"elementor-element elementor-element-fb2d55a e-con-full e-flex e-con e-child\" data-id=\"fb2d55a\" data-element_type=\"container\" data-settings=\"{&quot;background_background&quot;:&quot;classic&quot;}\">\n\t\t\t\t<div class=\"elementor-element elementor-element-bd718a4 elementor-widget elementor-widget-spacer\" data-id=\"bd718a4\" data-element_type=\"widget\" data-widget_type=\"spacer.default\">\n\t\t\t\t\t\t\t<div class=\"elementor-spacer\">\n\t\t\t<div class=\"elementor-spacer-inner\"><\/div>\n\t\t<\/div>\n\t\t\t\t\t\t<\/div>\n\t\t\t\t<\/div>\n\t\t<div class=\"elementor-element elementor-element-5a0c5c3 e-con-full e-flex e-con e-child\" data-id=\"5a0c5c3\" data-element_type=\"container\">\n\t\t\t\t<div class=\"elementor-element elementor-element-e66a460 elementor-widget elementor-widget-text-editor\" data-id=\"e66a460\" data-element_type=\"widget\" data-widget_type=\"text-editor.default\">\n\t\t\t\t\t\t\t\t\t<p>Operacionamos v\u00e1rias fun\u00e7\u00f5es e processos da sua empresa com a nossa equipe de Profissionais especializados e treinados de forma espec\u00edfica e de acordo com os processos e resultados\/entrega que a sua empresa necessita.<\/p><p>O nosso processo de outsourcing departamental desenvolve uma otimiza\u00e7\u00e3o na gest\u00e3o operacional da sua empresa gerando uma redu\u00e7\u00e3o de custo e ganho de resultado\/entrega, al\u00e9m de \u201cdespreocupar a gest\u00e3o\/supervis\u00e3o e ger\u00eancia\u201d destes e \u201cdirecionar estes esfor\u00e7os e tempo para as \u00e1reas\/departamentos para os principais departamentos de resultado da sua empresa.<\/p><p>Tamb\u00e9m atuamos com R&amp;S recrutamento e sele\u00e7\u00e3o, forma\u00e7\u00e3o e capacita\u00e7\u00e3o de equipes \u201cNTG\u201d com desenvolvimento de alta performance em Resultados | KPIs e de compet\u00eancias.<\/p><p>Nesta \u00e1rea tamb\u00e9m atuamos com o que h\u00e1 de mais atual e revolucion\u00e1rio em gest\u00e3o e desenvolvimento de pessoas\/equipes: DIAGNOSTICO CIS ASSESMENT com foco em desenvolvimento e resultado\/profissional.<\/p>\t\t\t\t\t\t\t\t<\/div>\n\t\t\t\t<\/div>\n\t\t\t\t\t<\/div>\n\t\t\t\t<\/div>\n\t\t<div class=\"elementor-element elementor-element-e215bb7 e-flex e-con-boxed e-con e-parent\" data-id=\"e215bb7\" data-element_type=\"container\" data-settings=\"{&quot;background_background&quot;:&quot;classic&quot;}\">\n\t\t\t\t\t<div class=\"e-con-inner\">\n\t\t<div class=\"elementor-element elementor-element-265211d e-con-full e-flex e-con e-child\" data-id=\"265211d\" data-element_type=\"container\">\n\t\t\t\t<div class=\"elementor-element elementor-element-057b498 elementor-widget elementor-widget-text-editor\" data-id=\"057b498\" data-element_type=\"widget\" data-widget_type=\"text-editor.default\">\n\t\t\t\t\t\t\t\t\t<p>Os nossos modelos de outsourcing s\u00e3o desenhados de acordo com o briefing t\u00e9cnico da necessidade espec\u00edfica da sua empresa resultando em efic\u00e1cia operacional e na redu\u00e7\u00e3o de custos operacionais e gerenciais das suas empresas.<\/p><p>Desenvolvemos de forma personalizada para cada empresas as rotinas empresariais de forma que maximizem o crescimento organizacional.<\/p>\t\t\t\t\t\t\t\t<\/div>\n\t\t\t\t<div class=\"elementor-element elementor-element-c7a1e7c elementor-icon-list--layout-traditional elementor-list-item-link-full_width elementor-widget elementor-widget-icon-list\" data-id=\"c7a1e7c\" data-element_type=\"widget\" data-widget_type=\"icon-list.default\">\n\t\t\t\t\t\t\t<ul class=\"elementor-icon-list-items\">\n\t\t\t\t\t\t\t<li class=\"elementor-icon-list-item\">\n\t\t\t\t\t\t\t\t\t\t\t<span class=\"elementor-icon-list-icon\">\n\t\t\t\t\t\t\t<svg aria-hidden=\"true\" class=\"e-font-icon-svg e-fas-check\" viewBox=\"0 0 512 512\" xmlns=\"http:\/\/www.w3.org\/2000\/svg\"><path d=\"M173.898 439.404l-166.4-166.4c-9.997-9.997-9.997-26.206 0-36.204l36.203-36.204c9.997-9.998 26.207-9.998 36.204 0L192 312.69 432.095 72.596c9.997-9.997 26.207-9.997 36.204 0l36.203 36.204c9.997 9.997 9.997 26.206 0 36.204l-294.4 294.401c-9.998 9.997-26.207 9.997-36.204-.001z\"><\/path><\/svg>\t\t\t\t\t\t<\/span>\n\t\t\t\t\t\t\t\t\t\t<span class=\"elementor-icon-list-text\">ADM\/FINANCEIRO<\/span>\n\t\t\t\t\t\t\t\t\t<\/li>\n\t\t\t\t\t\t\t\t<li class=\"elementor-icon-list-item\">\n\t\t\t\t\t\t\t\t\t\t\t<span class=\"elementor-icon-list-icon\">\n\t\t\t\t\t\t\t<svg aria-hidden=\"true\" class=\"e-font-icon-svg e-fas-check\" viewBox=\"0 0 512 512\" xmlns=\"http:\/\/www.w3.org\/2000\/svg\"><path d=\"M173.898 439.404l-166.4-166.4c-9.997-9.997-9.997-26.206 0-36.204l36.203-36.204c9.997-9.998 26.207-9.998 36.204 0L192 312.69 432.095 72.596c9.997-9.997 26.207-9.997 36.204 0l36.203 36.204c9.997 9.997 9.997 26.206 0 36.204l-294.4 294.401c-9.998 9.997-26.207 9.997-36.204-.001z\"><\/path><\/svg>\t\t\t\t\t\t<\/span>\n\t\t\t\t\t\t\t\t\t\t<span class=\"elementor-icon-list-text\">SECRETARIADO<\/span>\n\t\t\t\t\t\t\t\t\t<\/li>\n\t\t\t\t\t\t\t\t<li class=\"elementor-icon-list-item\">\n\t\t\t\t\t\t\t\t\t\t\t<span class=\"elementor-icon-list-icon\">\n\t\t\t\t\t\t\t<svg aria-hidden=\"true\" class=\"e-font-icon-svg e-fas-check\" viewBox=\"0 0 512 512\" xmlns=\"http:\/\/www.w3.org\/2000\/svg\"><path d=\"M173.898 439.404l-166.4-166.4c-9.997-9.997-9.997-26.206 0-36.204l36.203-36.204c9.997-9.998 26.207-9.998 36.204 0L192 312.69 432.095 72.596c9.997-9.997 26.207-9.997 36.204 0l36.203 36.204c9.997 9.997 9.997 26.206 0 36.204l-294.4 294.401c-9.998 9.997-26.207 9.997-36.204-.001z\"><\/path><\/svg>\t\t\t\t\t\t<\/span>\n\t\t\t\t\t\t\t\t\t\t<span class=\"elementor-icon-list-text\">COMERCIAL ATIVO EXTERNO<\/span>\n\t\t\t\t\t\t\t\t\t<\/li>\n\t\t\t\t\t\t\t\t<li class=\"elementor-icon-list-item\">\n\t\t\t\t\t\t\t\t\t\t\t<span class=\"elementor-icon-list-icon\">\n\t\t\t\t\t\t\t<svg aria-hidden=\"true\" class=\"e-font-icon-svg e-fas-check\" viewBox=\"0 0 512 512\" xmlns=\"http:\/\/www.w3.org\/2000\/svg\"><path d=\"M173.898 439.404l-166.4-166.4c-9.997-9.997-9.997-26.206 0-36.204l36.203-36.204c9.997-9.998 26.207-9.998 36.204 0L192 312.69 432.095 72.596c9.997-9.997 26.207-9.997 36.204 0l36.203 36.204c9.997 9.997 9.997 26.206 0 36.204l-294.4 294.401c-9.998 9.997-26.207 9.997-36.204-.001z\"><\/path><\/svg>\t\t\t\t\t\t<\/span>\n\t\t\t\t\t\t\t\t\t\t<span class=\"elementor-icon-list-text\">COMERCIAL ATIVO CALL CENTER<\/span>\n\t\t\t\t\t\t\t\t\t<\/li>\n\t\t\t\t\t\t<\/ul>\n\t\t\t\t\t\t<\/div>\n\t\t\t\t<\/div>\n\t\t<div class=\"elementor-element elementor-element-40a80c6 e-con-full e-flex e-con e-child\" data-id=\"40a80c6\" data-element_type=\"container\" data-settings=\"{&quot;background_background&quot;:&quot;classic&quot;}\">\n\t\t\t\t<\/div>\n\t\t\t\t\t<\/div>\n\t\t\t\t<\/div>\n\t\t<div class=\"elementor-element elementor-element-b34c33d e-flex e-con-boxed e-con e-parent\" data-id=\"b34c33d\" data-element_type=\"container\" data-settings=\"{&quot;background_background&quot;:&quot;classic&quot;}\">\n\t\t\t\t\t<div class=\"e-con-inner\">\n\t\t<div class=\"elementor-element elementor-element-f6cf0ef e-con-full e-flex e-con e-child\" data-id=\"f6cf0ef\" data-element_type=\"container\">\n\t\t\t\t<div class=\"elementor-element elementor-element-a5335dc elementor-widget elementor-widget-heading\" data-id=\"a5335dc\" data-element_type=\"widget\" data-widget_type=\"heading.default\">\n\t\t\t\t\t<h2 class=\"elementor-heading-title elementor-size-default\">RAZ\u00d5ES PARA TERCEIRIZAR\/OUTSOURCING\n\n<\/h2>\t\t\t\t<\/div>\n\t\t<div class=\"elementor-element elementor-element-d7545f0 e-con-full e-flex e-con e-child\" data-id=\"d7545f0\" data-element_type=\"container\">\n\t\t<div class=\"elementor-element elementor-element-5330e44 e-con-full e-flex e-con e-child\" data-id=\"5330e44\" data-element_type=\"container\">\n\t\t\t\t<div class=\"elementor-element elementor-element-ebc144d elementor-widget elementor-widget-text-editor\" data-id=\"ebc144d\" data-element_type=\"widget\" data-widget_type=\"text-editor.default\">\n\t\t\t\t\t\t\t\t\t<p>Algumas raz\u00f5es para outsourcing<\/p>\t\t\t\t\t\t\t\t<\/div>\n\t\t\t\t<\/div>\n\t\t\t\t<\/div>\n\t\t<div class=\"elementor-element elementor-element-78c6818 e-con-full e-flex e-con e-child\" data-id=\"78c6818\" data-element_type=\"container\">\n\t\t<div class=\"elementor-element elementor-element-c6e06ca e-con-full e-flex e-con e-child\" data-id=\"c6e06ca\" data-element_type=\"container\">\n\t\t\t\t<div class=\"elementor-element elementor-element-c37220f elementor-widget elementor-widget-text-editor\" data-id=\"c37220f\" data-element_type=\"widget\" data-widget_type=\"text-editor.default\">\n\t\t\t\t\t\t\t\t\t<ol><li>Profissionais especializados, supervisionados e gerenciados;<\/li><li>Redu\u00e7\u00e3o de custos CLT x outsourcing;<\/li><li>Custo operacional de infraestrutura, m\u00f3veis, computadores etc.<\/li><li>Custo de gest\u00e3o de processos e treinamento\/RH<\/li><li>Cobertura operacional para faltas, licen\u00e7as, f\u00e9rias, aus\u00eancias etc.<\/li><li>A sua empresa contrata servi\u00e7os e n\u00e3o pessoas: resultados e prazos determinados em contrato.<\/li><\/ol>\t\t\t\t\t\t\t\t<\/div>\n\t\t\t\t<\/div>\n\t\t<div class=\"elementor-element elementor-element-00ab120 e-con-full e-flex e-con e-child\" data-id=\"00ab120\" data-element_type=\"container\" data-settings=\"{&quot;background_background&quot;:&quot;classic&quot;}\">\n\t\t\t\t<\/div>\n\t\t\t\t<\/div>\n\t\t\t\t<\/div>\n\t\t\t\t\t<\/div>\n\t\t\t\t<\/div>\n\t\t\t\t<section class=\"elementor-section elementor-top-section elementor-element elementor-element-9ed412e elementor-section-full_width elementor-section-stretched elementor-section-height-default elementor-section-height-default\" data-id=\"9ed412e\" data-element_type=\"section\" data-settings=\"{&quot;stretch_section&quot;:&quot;section-stretched&quot;}\">\n\t\t\t\t\t\t<div class=\"elementor-container elementor-column-gap-default\">\n\t\t\t\t\t<div class=\"elementor-column elementor-col-100 elementor-top-column elementor-element elementor-element-9500721\" data-id=\"9500721\" data-element_type=\"column\" data-settings=\"{&quot;background_background&quot;:&quot;classic&quot;}\">\n\t\t\t<div class=\"elementor-widget-wrap elementor-element-populated\">\n\t\t\t\t\t\t<section class=\"elementor-section elementor-inner-section elementor-element elementor-element-2f00ee4 elementor-section-content-middle elementor-section-boxed elementor-section-height-default elementor-section-height-default\" data-id=\"2f00ee4\" data-element_type=\"section\">\n\t\t\t\t\t\t<div class=\"elementor-container elementor-column-gap-default\">\n\t\t\t\t\t<div class=\"elementor-column elementor-col-50 elementor-inner-column elementor-element elementor-element-c147851\" data-id=\"c147851\" data-element_type=\"column\">\n\t\t\t<div class=\"elementor-widget-wrap elementor-element-populated\">\n\t\t\t\t\t\t<div class=\"elementor-element elementor-element-4f21e0d elementor-widget elementor-widget-text-editor\" data-id=\"4f21e0d\" data-element_type=\"widget\" data-widget_type=\"text-editor.default\">\n\t\t\t\t\t\t\t\t\t<p>Experi\u00eancia em Outsourcing e RH<\/p>\t\t\t\t\t\t\t\t<\/div>\n\t\t\t\t\t<\/div>\n\t\t<\/div>\n\t\t\t\t<div class=\"elementor-column elementor-col-50 elementor-inner-column elementor-element elementor-element-7d7a57b\" data-id=\"7d7a57b\" data-element_type=\"column\">\n\t\t\t<div class=\"elementor-widget-wrap elementor-element-populated\">\n\t\t\t\t\t\t<div class=\"elementor-element elementor-element-bf3dd0a elementor-align-left elementor-widget elementor-widget-button\" data-id=\"bf3dd0a\" data-element_type=\"widget\" data-widget_type=\"button.default\">\n\t\t\t\t\t\t\t\t\t\t<a class=\"elementor-button elementor-button-link elementor-size-sm elementor-animation-grow\" href=\"https:\/\/tottalcommerce.com.br\/index.php\/fale-conosco\/\">\n\t\t\t\t\t\t<span class=\"elementor-button-content-wrapper\">\n\t\t\t\t\t\t\t\t\t<span class=\"elementor-button-text\">Fale Conosco<\/span>\n\t\t\t\t\t<\/span>\n\t\t\t\t\t<\/a>\n\t\t\t\t\t\t\t\t<\/div>\n\t\t\t\t\t<\/div>\n\t\t<\/div>\n\t\t\t\t\t<\/div>\n\t\t<\/section>\n\t\t\t\t\t<\/div>\n\t\t<\/div>\n\t\t\t\t\t<\/div>\n\t\t<\/section>\n\t\t\t\t<\/div>\n\t\t","protected":false},"excerpt":{"rendered":"<p>Gest\u00e3o de Pessoas e Processos Solu\u00e7\u00f5es Estrat\u00e9gicas em RH e Outsourcing Operacionamos v\u00e1rias fun\u00e7\u00f5es e processos da sua empresa com a nossa equipe de Profissionais especializados e treinados de forma espec\u00edfica e de acordo com os processos e resultados\/entrega que a sua empresa necessita. O nosso processo de outsourcing departamental desenvolve uma otimiza\u00e7\u00e3o na gest\u00e3o [&hellip;]<\/p>\n","protected":false},"author":1,"featured_media":0,"parent":0,"menu_order":0,"comment_status":"closed","ping_status":"closed","template":"elementor_header_footer","meta":{"footnotes":""},"class_list":["post-605","page","type-page","status-publish","hentry"],"acf":[],"_links":{"self":[{"href":"https:\/\/tottalcommerce.com.br\/index.php\/wp-json\/wp\/v2\/pages\/605","targetHints":{"allow":["GET"]}}],"collection":[{"href":"https:\/\/tottalcommerce.com.br\/index.php\/wp-json\/wp\/v2\/pages"}],"about":[{"href":"https:\/\/tottalcommerce.com.br\/index.php\/wp-json\/wp\/v2\/types\/page"}],"author":[{"embeddable":true,"href":"https:\/\/tottalcommerce.com.br\/index.php\/wp-json\/wp\/v2\/users\/1"}],"replies":[{"embeddable":true,"href":"https:\/\/tottalcommerce.com.br\/index.php\/wp-json\/wp\/v2\/comments?post=605"}],"version-history":[{"count":118,"href":"https:\/\/tottalcommerce.com.br\/index.php\/wp-json\/wp\/v2\/pages\/605\/revisions"}],"predecessor-version":[{"id":1281,"href":"https:\/\/tottalcommerce.com.br\/index.php\/wp-json\/wp\/v2\/pages\/605\/revisions\/1281"}],"wp:attachment":[{"href":"https:\/\/tottalcommerce.com.br\/index.php\/wp-json\/wp\/v2\/media?parent=605"}],"curies":[{"name":"wp","href":"https:\/\/api.w.org\/{rel}","templated":true}]}}