{"id":10,"date":"2019-07-09T21:01:02","date_gmt":"2019-07-09T21:01:02","guid":{"rendered":"https:\/\/jupiterx.artbees.net\/lawyer\/?page_id=10"},"modified":"2025-04-17T05:15:58","modified_gmt":"2025-04-17T08:15:58","slug":"home","status":"publish","type":"page","link":"https:\/\/tottalcommerce.com.br\/","title":{"rendered":"HOME"},"content":{"rendered":"\t\t<div data-elementor-type=\"wp-post\" data-elementor-id=\"10\" class=\"elementor elementor-10\" data-elementor-post-type=\"page\">\n\t\t\t\t<div class=\"elementor-element elementor-element-5d4aade e-con-full e-flex e-con e-parent\" data-id=\"5d4aade\" data-element_type=\"container\" data-settings=\"{&quot;background_background&quot;:&quot;classic&quot;}\">\n\t\t<div class=\"elementor-element elementor-element-b4dd32b e-flex e-con-boxed e-con e-child\" data-id=\"b4dd32b\" data-element_type=\"container\">\n\t\t\t\t\t<div class=\"e-con-inner\">\n\t\t\t\t<div class=\"elementor-element elementor-element-418a568 elementor-widget elementor-widget-heading\" data-id=\"418a568\" data-element_type=\"widget\" data-widget_type=\"heading.default\">\n\t\t\t\t\t<h2 class=\"elementor-heading-title elementor-size-default\">TOTTAL EMPRESARIAL<\/h2>\t\t\t\t<\/div>\n\t\t\t\t<div class=\"elementor-element elementor-element-4b0810f elementor-widget elementor-widget-heading\" data-id=\"4b0810f\" data-element_type=\"widget\" data-widget_type=\"heading.default\">\n\t\t\t\t\t<h4 class=\"elementor-heading-title elementor-size-default\">Solu\u00e7\u00f5es para empresas que querem ir al\u00e9m<\/h4>\t\t\t\t<\/div>\n\t\t\t\t<div class=\"elementor-element elementor-element-c18d329 elementor-align-center elementor-widget elementor-widget-button\" data-id=\"c18d329\" data-element_type=\"widget\" data-widget_type=\"button.default\">\n\t\t\t\t\t\t\t\t\t\t<a class=\"elementor-button elementor-button-link elementor-size-sm elementor-animation-grow\" href=\"https:\/\/tottalcommerce.com.br\/index.php\/fale-conosco\/\">\n\t\t\t\t\t\t<span class=\"elementor-button-content-wrapper\">\n\t\t\t\t\t\t<span class=\"elementor-button-icon\">\n\t\t\t\t<svg aria-hidden=\"true\" class=\"e-font-icon-svg e-fas-long-arrow-alt-right\" viewBox=\"0 0 448 512\" xmlns=\"http:\/\/www.w3.org\/2000\/svg\"><path d=\"M313.941 216H12c-6.627 0-12 5.373-12 12v56c0 6.627 5.373 12 12 12h301.941v46.059c0 21.382 25.851 32.09 40.971 16.971l86.059-86.059c9.373-9.373 9.373-24.569 0-33.941l-86.059-86.059c-15.119-15.119-40.971-4.411-40.971 16.971V216z\"><\/path><\/svg>\t\t\t<\/span>\n\t\t\t\t\t\t\t\t\t<span class=\"elementor-button-text\">Fale Conosco<\/span>\n\t\t\t\t\t<\/span>\n\t\t\t\t\t<\/a>\n\t\t\t\t\t\t\t\t<\/div>\n\t\t\t\t\t<\/div>\n\t\t\t\t<\/div>\n\t\t\t\t<\/div>\n\t\t<div class=\"elementor-element elementor-element-f008f49 e-flex e-con-boxed e-con e-parent\" data-id=\"f008f49\" data-element_type=\"container\" data-settings=\"{&quot;background_background&quot;:&quot;classic&quot;}\">\n\t\t\t\t\t<div class=\"e-con-inner\">\n\t\t<div class=\"elementor-element elementor-element-9343877 e-con-full e-flex e-con e-child\" data-id=\"9343877\" data-element_type=\"container\">\n\t\t\t\t<\/div>\n\t\t<div class=\"elementor-element elementor-element-178d2ee e-con-full e-flex elementor-invisible e-con e-child\" data-id=\"178d2ee\" data-element_type=\"container\" data-settings=\"{&quot;animation&quot;:&quot;fadeInLeft&quot;}\">\n\t\t\t\t<div class=\"elementor-element elementor-element-692be87 elementor-widget elementor-widget-heading\" data-id=\"692be87\" data-element_type=\"widget\" data-widget_type=\"heading.default\">\n\t\t\t\t\t<h2 class=\"elementor-heading-title elementor-size-default\">Conhe\u00e7a a Tottal Empresarial<\/h2>\t\t\t\t<\/div>\n\t\t\t\t<div class=\"elementor-element elementor-element-d7bc20a elementor-widget elementor-widget-text-editor\" data-id=\"d7bc20a\" data-element_type=\"widget\" data-widget_type=\"text-editor.default\">\n\t\t\t\t\t\t\t\t\t<p>A Tottal Empresarial atua com uma equipe multidisciplinar de diretores t\u00e9cnicos, auditores, profissionais e associados especializados com experi\u00eancia e atua\u00e7\u00e3o empresarial com mais de 20 anos e com conhecimento vivencial em v\u00e1rios segmentos.<\/p>\t\t\t\t\t\t\t\t<\/div>\n\t\t\t\t<div class=\"elementor-element elementor-element-503c152 elementor-widget elementor-widget-spacer\" data-id=\"503c152\" data-element_type=\"widget\" data-widget_type=\"spacer.default\">\n\t\t\t\t\t\t\t<div class=\"elementor-spacer\">\n\t\t\t<div class=\"elementor-spacer-inner\"><\/div>\n\t\t<\/div>\n\t\t\t\t\t\t<\/div>\n\t\t\t\t<\/div>\n\t\t\t\t\t<\/div>\n\t\t\t\t<\/div>\n\t\t\t\t<section class=\"elementor-section elementor-top-section elementor-element elementor-element-fdda684 elementor-section-stretched elementor-hidden-desktop elementor-hidden-tablet elementor-hidden-mobile elementor-section-boxed elementor-section-height-default elementor-section-height-default\" data-id=\"fdda684\" data-element_type=\"section\" data-settings=\"{&quot;stretch_section&quot;:&quot;section-stretched&quot;,&quot;background_background&quot;:&quot;classic&quot;}\">\n\t\t\t\t\t\t<div class=\"elementor-container elementor-column-gap-default\">\n\t\t\t\t\t<div class=\"elementor-column elementor-col-25 elementor-top-column elementor-element elementor-element-d93bc93\" data-id=\"d93bc93\" data-element_type=\"column\">\n\t\t\t<div class=\"elementor-widget-wrap elementor-element-populated\">\n\t\t\t\t\t\t<div class=\"elementor-element elementor-element-1c916e3 elementor-position-top elementor-widget elementor-widget-image-box\" data-id=\"1c916e3\" data-element_type=\"widget\" data-widget_type=\"image-box.default\">\n\t\t\t\t\t<div class=\"elementor-image-box-wrapper\"><figure class=\"elementor-image-box-img\"><img decoding=\"async\" width=\"60\" height=\"48\" src=\"https:\/\/tottalcommerce.com.br\/wp-content\/uploads\/2019\/07\/service-icon-01.png\" class=\"elementor-animation-buzz-out attachment-full size-full wp-image-110\" alt=\"\" \/><\/figure><div class=\"elementor-image-box-content\"><h3 class=\"elementor-image-box-title\">BUSINESS LAW<\/h3><p class=\"elementor-image-box-description\">Sed ut perspiciatis unde omnis iste natus error sit voluptatem accusantium<\/p><\/div><\/div>\t\t\t\t<\/div>\n\t\t\t\t\t<\/div>\n\t\t<\/div>\n\t\t\t\t<div class=\"elementor-column elementor-col-25 elementor-top-column elementor-element elementor-element-50aeb06\" data-id=\"50aeb06\" data-element_type=\"column\">\n\t\t\t<div class=\"elementor-widget-wrap elementor-element-populated\">\n\t\t\t\t\t\t<div class=\"elementor-element elementor-element-02583fa elementor-position-top elementor-widget elementor-widget-image-box\" data-id=\"02583fa\" data-element_type=\"widget\" data-widget_type=\"image-box.default\">\n\t\t\t\t\t<div class=\"elementor-image-box-wrapper\"><figure class=\"elementor-image-box-img\"><img decoding=\"async\" width=\"60\" height=\"48\" src=\"https:\/\/tottalcommerce.com.br\/wp-content\/uploads\/2019\/07\/service-icon-02.png\" class=\"elementor-animation-buzz-out attachment-full size-full wp-image-112\" alt=\"\" \/><\/figure><div class=\"elementor-image-box-content\"><h3 class=\"elementor-image-box-title\">FAMILY LAW<\/h3><p class=\"elementor-image-box-description\">Sed ut perspiciatis unde omnis iste natus error sit voluptatem accusantium<\/p><\/div><\/div>\t\t\t\t<\/div>\n\t\t\t\t\t<\/div>\n\t\t<\/div>\n\t\t\t\t<div class=\"elementor-column elementor-col-25 elementor-top-column elementor-element elementor-element-92c1603\" data-id=\"92c1603\" data-element_type=\"column\">\n\t\t\t<div class=\"elementor-widget-wrap elementor-element-populated\">\n\t\t\t\t\t\t<div class=\"elementor-element elementor-element-10f0150 elementor-position-top elementor-widget elementor-widget-image-box\" data-id=\"10f0150\" data-element_type=\"widget\" data-widget_type=\"image-box.default\">\n\t\t\t\t\t<div class=\"elementor-image-box-wrapper\"><figure class=\"elementor-image-box-img\"><img decoding=\"async\" width=\"60\" height=\"48\" src=\"https:\/\/tottalcommerce.com.br\/wp-content\/uploads\/2019\/07\/service-icon-03.png\" class=\"elementor-animation-buzz-out attachment-full size-full wp-image-113\" alt=\"\" \/><\/figure><div class=\"elementor-image-box-content\"><h3 class=\"elementor-image-box-title\">CRIMINAL LAW<\/h3><p class=\"elementor-image-box-description\">Sed ut perspiciatis unde omnis iste natus error sit voluptatem accusantium<\/p><\/div><\/div>\t\t\t\t<\/div>\n\t\t\t\t\t<\/div>\n\t\t<\/div>\n\t\t\t\t<div class=\"elementor-column elementor-col-25 elementor-top-column elementor-element elementor-element-494fa11\" data-id=\"494fa11\" data-element_type=\"column\">\n\t\t\t<div class=\"elementor-widget-wrap elementor-element-populated\">\n\t\t\t\t\t\t<div class=\"elementor-element elementor-element-8c3f65c elementor-position-top elementor-widget elementor-widget-image-box\" data-id=\"8c3f65c\" data-element_type=\"widget\" data-widget_type=\"image-box.default\">\n\t\t\t\t\t<div class=\"elementor-image-box-wrapper\"><figure class=\"elementor-image-box-img\"><img loading=\"lazy\" decoding=\"async\" width=\"60\" height=\"48\" src=\"https:\/\/tottalcommerce.com.br\/wp-content\/uploads\/2019\/07\/service-icon-04.png\" class=\"elementor-animation-buzz-out attachment-full size-full wp-image-114\" alt=\"\" \/><\/figure><div class=\"elementor-image-box-content\"><h3 class=\"elementor-image-box-title\">JURICIAL LAW<\/h3><p class=\"elementor-image-box-description\">Sed ut perspiciatis unde omnis iste natus error sit voluptatem accusantium<\/p><\/div><\/div>\t\t\t\t<\/div>\n\t\t\t\t\t<\/div>\n\t\t<\/div>\n\t\t\t\t\t<\/div>\n\t\t<\/section>\n\t\t<div class=\"elementor-element elementor-element-24f6cdb e-flex e-con-boxed e-con e-parent\" data-id=\"24f6cdb\" data-element_type=\"container\" data-settings=\"{&quot;background_background&quot;:&quot;classic&quot;}\">\n\t\t\t\t\t<div class=\"e-con-inner\">\n\t\t\t\t<div class=\"elementor-element elementor-element-67f327d elementor-widget elementor-widget-heading\" data-id=\"67f327d\" data-element_type=\"widget\" data-widget_type=\"heading.default\">\n\t\t\t\t\t<h2 class=\"elementor-heading-title elementor-size-default\">Para sua empresa ir al\u00e9m<\/h2>\t\t\t\t<\/div>\n\t\t\t\t<div class=\"elementor-element elementor-element-4c24694 elementor-widget elementor-widget-image\" data-id=\"4c24694\" data-element_type=\"widget\" data-widget_type=\"image.default\">\n\t\t\t\t\t\t\t\t\t\t\t\t\t\t\t<img loading=\"lazy\" decoding=\"async\" width=\"800\" height=\"800\" src=\"https:\/\/tottalcommerce.com.br\/wp-content\/uploads\/2025\/04\/TOTAL.png\" class=\"attachment-full size-full wp-image-1319\" alt=\"\" srcset=\"https:\/\/tottalcommerce.com.br\/wp-content\/uploads\/2025\/04\/TOTAL.png 800w, https:\/\/tottalcommerce.com.br\/wp-content\/uploads\/2025\/04\/TOTAL-300x300.png 300w, https:\/\/tottalcommerce.com.br\/wp-content\/uploads\/2025\/04\/TOTAL-150x150.png 150w, https:\/\/tottalcommerce.com.br\/wp-content\/uploads\/2025\/04\/TOTAL-768x768.png 768w\" sizes=\"(max-width: 800px) 100vw, 800px\" \/>\t\t\t\t\t\t\t\t\t\t\t\t\t\t\t<\/div>\n\t\t\t\t<div class=\"elementor-element elementor-element-3065837 elementor-hidden-desktop elementor-hidden-tablet elementor-hidden-mobile elementor-widget elementor-widget-html\" data-id=\"3065837\" data-element_type=\"widget\" data-widget_type=\"html.default\">\n\t\t\t\t\t<!DOCTYPE html>\r\n<html lang=\"pt-BR\">\r\n<head>\r\n    <meta charset=\"UTF-8\">\r\n    <meta name=\"viewport\" content=\"width=device-width, initial-scale=1.0\">\r\n    <title>Anima\u00e7\u00e3o de \u00d3rbita<\/title>\r\n    <style>\r\n        .orbit-wrapper {\r\n            position: relative;\r\n            width: 100%;\r\n            max-width: 600px;\r\n            margin: auto;\r\n            display: flex;\r\n            justify-content: center;\r\n            align-items: center;\r\n            overflow: visible; \/* Permite que os elementos ultrapassem os limites *\/\r\n        }\r\n        .orbit-container {\r\n            position: relative;\r\n            width: 500px;\r\n            height: 500px;\r\n        }\r\n        .logo {\r\n            position: absolute;\r\n            top: 50%;\r\n            left: 50%;\r\n            transform: translate(-50%, -50%);\r\n            width: 160px; \/* Aumentei um pouco o tamanho da logo *\/\r\n            height: 160px;\r\n            z-index: 10; \/* Garante que a logo fique sempre vis\u00edvel *\/\r\n        }\r\n        .orbit {\r\n            position: absolute;\r\n            border-radius: 50%;\r\n            border: 1px solid rgba(200, 200, 200, 0.05); \/* Linha mais sutil *\/\r\n            top: 50%;\r\n            left: 50%;\r\n            transform: translate(-50%, -50%);\r\n        }\r\n        .orbit:nth-child(2) { width: 240px; height: 240px; }\r\n        .orbit:nth-child(3) { width: 340px; height: 340px; }\r\n        .orbit:nth-child(4) { width: 450px; height: 450px; }\r\n        .word {\r\n            position: absolute;\r\n            font-size: 16px;\r\n            font-weight: bold;\r\n            color: white;\r\n            top: 50%;\r\n            left: 50%;\r\n            z-index: 20; \/* Garante que as palavras fiquem acima de tudo *\/\r\n        }\r\n        @keyframes orbit {\r\n            from { transform: rotate(0deg) translateX(120px) rotate(0deg); }\r\n            to { transform: rotate(360deg) translateX(120px) rotate(-360deg); }\r\n        }\r\n        @keyframes orbit2 {\r\n            from { transform: rotate(0deg) translateX(170px) rotate(0deg); }\r\n            to { transform: rotate(360deg) translateX(170px) rotate(-360deg); }\r\n        }\r\n        @keyframes orbit3 {\r\n            from { transform: rotate(0deg) translateX(230px) rotate(0deg); }\r\n            to { transform: rotate(360deg) translateX(230px) rotate(-360deg); }\r\n        }\r\n        .word:nth-child(5) { animation: orbit 9s linear infinite; }\r\n        .word:nth-child(6) { animation: orbit2 10s linear infinite; }\r\n        .word:nth-child(7) { animation: orbit3 11s linear infinite; }\r\n    <\/style>\r\n<\/head>\r\n<body style=\"background: black;\">\r\n    <div class=\"orbit-wrapper\">\r\n        <div class=\"orbit-container\">\r\n            <img decoding=\"async\" src=\"https:\/\/tottalcommerce.com.br\/wp-content\/uploads\/2022\/03\/Logo-Total-Empresarial-SEM-FUNDO-2.png\" alt=\"Logo\" class=\"logo\">\r\n            <div class=\"orbit\"><\/div>\r\n            <div class=\"orbit\"><\/div>\r\n            <div class=\"orbit\"><\/div>\r\n            <div class=\"word\">NPS|EXP<\/div>\r\n            <div class=\"word\">Auditorias<\/div>\r\n            <div class=\"word\">R&S Outsourcing<\/div>\r\n        <\/div>\r\n    <\/div>\r\n<\/body>\r\n<\/html>\r\n\t\t\t\t<\/div>\n\t\t\t\t\t<\/div>\n\t\t\t\t<\/div>\n\t\t\t\t<section class=\"elementor-section elementor-top-section elementor-element elementor-element-224f3ea elementor-section-stretched elementor-hidden-desktop elementor-hidden-tablet elementor-hidden-mobile elementor-section-boxed elementor-section-height-default elementor-section-height-default\" data-id=\"224f3ea\" data-element_type=\"section\" data-settings=\"{&quot;stretch_section&quot;:&quot;section-stretched&quot;,&quot;background_background&quot;:&quot;classic&quot;}\">\n\t\t\t\t\t\t\t<div class=\"elementor-background-overlay\"><\/div>\n\t\t\t\t\t\t\t<div class=\"elementor-container elementor-column-gap-default\">\n\t\t\t\t\t<div class=\"elementor-column elementor-col-100 elementor-top-column elementor-element elementor-element-efc0773\" data-id=\"efc0773\" data-element_type=\"column\">\n\t\t\t<div class=\"elementor-widget-wrap elementor-element-populated\">\n\t\t\t\t\t\t<div class=\"elementor-element elementor-element-b7435b5 elementor-widget elementor-widget-image\" data-id=\"b7435b5\" data-element_type=\"widget\" data-widget_type=\"image.default\">\n\t\t\t\t\t\t\t\t\t\t\t\t\t\t\t<img loading=\"lazy\" decoding=\"async\" width=\"800\" height=\"800\" src=\"https:\/\/tottalcommerce.com.br\/wp-content\/uploads\/2022\/03\/0104.png\" class=\"attachment-large size-large wp-image-444\" alt=\"\" srcset=\"https:\/\/tottalcommerce.com.br\/wp-content\/uploads\/2022\/03\/0104.png 800w, https:\/\/tottalcommerce.com.br\/wp-content\/uploads\/2022\/03\/0104-300x300.png 300w, https:\/\/tottalcommerce.com.br\/wp-content\/uploads\/2022\/03\/0104-150x150.png 150w, https:\/\/tottalcommerce.com.br\/wp-content\/uploads\/2022\/03\/0104-768x768.png 768w, https:\/\/tottalcommerce.com.br\/wp-content\/uploads\/2022\/03\/0104-500x500.png 500w\" sizes=\"(max-width: 800px) 100vw, 800px\" \/>\t\t\t\t\t\t\t\t\t\t\t\t\t\t\t<\/div>\n\t\t\t\t\t<\/div>\n\t\t<\/div>\n\t\t\t\t\t<\/div>\n\t\t<\/section>\n\t\t\t\t<\/div>\n\t\t","protected":false},"excerpt":{"rendered":"<p>TOTTAL EMPRESARIAL Solu\u00e7\u00f5es para empresas que querem ir al\u00e9m Fale Conosco Conhe\u00e7a a Tottal Empresarial A Tottal Empresarial atua com uma equipe multidisciplinar de diretores t\u00e9cnicos, auditores, profissionais e associados especializados com experi\u00eancia e atua\u00e7\u00e3o empresarial com mais de 20 anos e com conhecimento vivencial em v\u00e1rios segmentos. BUSINESS LAW Sed ut perspiciatis unde omnis [&hellip;]<\/p>\n","protected":false},"author":1,"featured_media":0,"parent":0,"menu_order":0,"comment_status":"closed","ping_status":"closed","template":"elementor_header_footer","meta":{"footnotes":""},"class_list":["post-10","page","type-page","status-publish","hentry"],"acf":[],"_links":{"self":[{"href":"https:\/\/tottalcommerce.com.br\/index.php\/wp-json\/wp\/v2\/pages\/10","targetHints":{"allow":["GET"]}}],"collection":[{"href":"https:\/\/tottalcommerce.com.br\/index.php\/wp-json\/wp\/v2\/pages"}],"about":[{"href":"https:\/\/tottalcommerce.com.br\/index.php\/wp-json\/wp\/v2\/types\/page"}],"author":[{"embeddable":true,"href":"https:\/\/tottalcommerce.com.br\/index.php\/wp-json\/wp\/v2\/users\/1"}],"replies":[{"embeddable":true,"href":"https:\/\/tottalcommerce.com.br\/index.php\/wp-json\/wp\/v2\/comments?post=10"}],"version-history":[{"count":157,"href":"https:\/\/tottalcommerce.com.br\/index.php\/wp-json\/wp\/v2\/pages\/10\/revisions"}],"predecessor-version":[{"id":1322,"href":"https:\/\/tottalcommerce.com.br\/index.php\/wp-json\/wp\/v2\/pages\/10\/revisions\/1322"}],"wp:attachment":[{"href":"https:\/\/tottalcommerce.com.br\/index.php\/wp-json\/wp\/v2\/media?parent=10"}],"curies":[{"name":"wp","href":"https:\/\/api.w.org\/{rel}","templated":true}]}}